{"id":1664,"date":"2024-12-04T14:10:56","date_gmt":"2024-12-04T14:10:56","guid":{"rendered":"https:\/\/cafegalavis.com.co\/?page_id=1664"},"modified":"2024-12-04T14:14:55","modified_gmt":"2024-12-04T14:14:55","slug":"pagina-404","status":"publish","type":"page","link":"https:\/\/cafegalavis.com.co\/en\/pagina-404\/","title":{"rendered":"P\u00e1gina 404"},"content":{"rendered":"<div data-elementor-type=\"wp-page\" data-elementor-id=\"1664\" class=\"elementor elementor-1664\" data-elementor-post-type=\"page\">\n\t\t\t\t<div class=\"elementor-element elementor-element-788a3c3a e-flex e-con-boxed e-con e-parent\" data-id=\"788a3c3a\" data-element_type=\"container\">\n\t\t\t\t\t<div class=\"e-con-inner\">\n\t\t<div class=\"elementor-element elementor-element-3aaeb111 e-flex e-con-boxed e-con e-child\" data-id=\"3aaeb111\" data-element_type=\"container\">\n\t\t\t\t\t<div class=\"e-con-inner\">\n\t\t\t\t<div class=\"elementor-element elementor-element-6bb6df6 elementor-widget elementor-widget-image\" data-id=\"6bb6df6\" data-element_type=\"widget\" data-widget_type=\"image.default\">\n\t\t\t\t<div class=\"elementor-widget-container\">\n\t\t\t\t\t\t\t\t\t\t\t\t\t<img fetchpriority=\"high\" decoding=\"async\" width=\"505\" height=\"474\" src=\"https:\/\/cafegalavis.com.co\/wp-content\/uploads\/2024\/12\/notfount.png\" class=\"attachment-large size-large wp-image-1666\" alt=\"\" srcset=\"https:\/\/cafegalavis.com.co\/wp-content\/uploads\/2024\/12\/notfount.png 505w, https:\/\/cafegalavis.com.co\/wp-content\/uploads\/2024\/12\/notfount-300x282.png 300w, https:\/\/cafegalavis.com.co\/wp-content\/uploads\/2024\/12\/notfount-13x12.png 13w\" sizes=\"(max-width: 505px) 100vw, 505px\" \/>\t\t\t\t\t\t\t\t\t\t\t\t\t<\/div>\n\t\t\t\t<\/div>\n\t\t\t\t<div class=\"elementor-element elementor-element-3b3c3f95 elementor-widget elementor-widget-heading\" data-id=\"3b3c3f95\" data-element_type=\"widget\" data-widget_type=\"heading.default\">\n\t\t\t\t<div class=\"elementor-widget-container\">\n\t\t\t<h3 class=\"elementor-heading-title elementor-size-default\">\"Oops... Parece que te perdiste en el aroma del caf\u00e9\"<\/h3>\t\t<\/div>\n\t\t\t\t<\/div>\n\t\t\t\t<div class=\"elementor-element elementor-element-6b3d7ef4 elementor-widget elementor-widget-text-editor\" data-id=\"6b3d7ef4\" data-element_type=\"widget\" data-widget_type=\"text-editor.default\">\n\t\t\t\t<div class=\"elementor-widget-container\">\n\t\t\t\t\t\t\t<p>&#8220;La p\u00e1gina que buscas no est\u00e1 aqu\u00ed, pero siempre puedes volver al calor de un buen caf\u00e9. Explora nuestros productos y descubre el sabor \u00fanico de Caf\u00e9 Galavis.&#8221;<\/p>\t\t\t\t\t\t<\/div>\n\t\t\t\t<\/div>\n\t\t\t\t<div class=\"elementor-element elementor-element-33140efc elementor-align-center elementor-widget elementor-widget-button\" data-id=\"33140efc\" data-element_type=\"widget\" data-widget_type=\"button.default\">\n\t\t\t\t<div class=\"elementor-widget-container\">\n\t\t\t\t\t\t\t<div class=\"elementor-button-wrapper\">\n\t\t\t\t\t<a class=\"elementor-button elementor-button-link elementor-size-sm\" href=\"https:\/\/cafegalavis.com.co\/en\/\">\n\t\t\t\t\t\t<span class=\"elementor-button-content-wrapper\">\n\t\t\t\t\t\t\t\t\t<span class=\"elementor-button-text\">Volver al inicio<\/span>\n\t\t\t\t\t<\/span>\n\t\t\t\t\t<\/a>\n\t\t\t\t<\/div>\n\t\t\t\t\t\t<\/div>\n\t\t\t\t<\/div>\n\t\t\t\t\t<\/div>\n\t\t\t\t<\/div>\n\t\t\t\t\t<\/div>\n\t\t\t\t<\/div>\n\t\t\t\t<\/div>","protected":false},"excerpt":{"rendered":"<p>&#8220;Oops&#8230; Parece que te perdiste en el aroma del caf\u00e9&#8221; &#8220;La p\u00e1gina que buscas no est\u00e1 aqu\u00ed, pero siempre puedes volver al calor de un buen caf\u00e9. Explora nuestros productos y descubre el sabor \u00fanico de Caf\u00e9 Galavis.&#8221; Volver al inicio<\/p>","protected":false},"author":1,"featured_media":0,"parent":0,"menu_order":0,"comment_status":"closed","ping_status":"closed","template":"","meta":{"inline_featured_image":false,"_joinchat":[],"footnotes":""},"class_list":["post-1664","page","type-page","status-publish","hentry"],"_links":{"self":[{"href":"https:\/\/cafegalavis.com.co\/en\/wp-json\/wp\/v2\/pages\/1664","targetHints":{"allow":["GET"]}}],"collection":[{"href":"https:\/\/cafegalavis.com.co\/en\/wp-json\/wp\/v2\/pages"}],"about":[{"href":"https:\/\/cafegalavis.com.co\/en\/wp-json\/wp\/v2\/types\/page"}],"author":[{"embeddable":true,"href":"https:\/\/cafegalavis.com.co\/en\/wp-json\/wp\/v2\/users\/1"}],"replies":[{"embeddable":true,"href":"https:\/\/cafegalavis.com.co\/en\/wp-json\/wp\/v2\/comments?post=1664"}],"version-history":[{"count":7,"href":"https:\/\/cafegalavis.com.co\/en\/wp-json\/wp\/v2\/pages\/1664\/revisions"}],"predecessor-version":[{"id":1672,"href":"https:\/\/cafegalavis.com.co\/en\/wp-json\/wp\/v2\/pages\/1664\/revisions\/1672"}],"wp:attachment":[{"href":"https:\/\/cafegalavis.com.co\/en\/wp-json\/wp\/v2\/media?parent=1664"}],"curies":[{"name":"wp","href":"https:\/\/api.w.org\/{rel}","templated":true}]}}