{"id":1323,"date":"2024-12-02T17:34:45","date_gmt":"2024-12-02T17:34:45","guid":{"rendered":"https:\/\/cafegalavis.com.co\/?page_id=1323"},"modified":"2025-03-03T16:46:26","modified_gmt":"2025-03-03T16:46:26","slug":"blog","status":"publish","type":"page","link":"https:\/\/cafegalavis.com.co\/en\/blog\/","title":{"rendered":"Blog"},"content":{"rendered":"<div data-elementor-type=\"wp-page\" data-elementor-id=\"1323\" class=\"elementor elementor-1323\" data-elementor-post-type=\"page\">\n\t\t\t\t<div class=\"elementor-element elementor-element-489b47e8 e-con-full e-flex e-con e-parent\" data-id=\"489b47e8\" data-element_type=\"container\">\n\t\t<div class=\"elementor-element elementor-element-efea3fa e-con-full e-flex e-con e-child\" data-id=\"efea3fa\" data-element_type=\"container\">\n\t\t\t\t<div class=\"elementor-element elementor-element-5cd37762 elementor-widget elementor-widget-woocommerce-breadcrumb\" data-id=\"5cd37762\" data-element_type=\"widget\" data-widget_type=\"woocommerce-breadcrumb.default\">\n\t\t\t\t<div class=\"elementor-widget-container\">\n\t\t\t<nav class=\"woocommerce-breadcrumb\" aria-label=\"Breadcrumb\" data-no-translation=\"\" data-trp-gettext=\"\">Home<\/nav>\t\t<\/div>\n\t\t\t\t<\/div>\n\t\t\t\t<div class=\"elementor-element elementor-element-89250a0 elementor-widget-divider--view-line elementor-widget elementor-widget-divider\" data-id=\"89250a0\" data-element_type=\"widget\" data-widget_type=\"divider.default\">\n\t\t\t\t<div class=\"elementor-widget-container\">\n\t\t\t\t\t<div class=\"elementor-divider\">\n\t\t\t<span class=\"elementor-divider-separator\">\n\t\t\t\t\t\t<\/span>\n\t\t<\/div>\n\t\t\t\t<\/div>\n\t\t\t\t<\/div>\n\t\t\t\t<\/div>\n\t\t\t\t<\/div>\n\t\t<div class=\"elementor-element elementor-element-3faee1f e-con-full e-flex e-con e-parent\" data-id=\"3faee1f\" data-element_type=\"container\">\n\t\t<div class=\"elementor-element elementor-element-65969fe9 e-con-full e-flex e-con e-child\" data-id=\"65969fe9\" data-element_type=\"container\">\n\t\t\t\t<div class=\"elementor-element elementor-element-a89d501 elementor-grid-3 elementor-grid-tablet-2 elementor-grid-mobile-1 elementor-posts--thumbnail-top elementor-posts--show-avatar elementor-card-shadow-yes elementor-posts__hover-gradient elementor-widget elementor-widget-posts\" data-id=\"a89d501\" data-element_type=\"widget\" data-settings=\"{&quot;pagination_type&quot;:&quot;numbers_and_prev_next&quot;,&quot;cards_columns&quot;:&quot;3&quot;,&quot;cards_columns_tablet&quot;:&quot;2&quot;,&quot;cards_columns_mobile&quot;:&quot;1&quot;,&quot;cards_row_gap&quot;:{&quot;unit&quot;:&quot;px&quot;,&quot;size&quot;:35,&quot;sizes&quot;:[]},&quot;cards_row_gap_tablet&quot;:{&quot;unit&quot;:&quot;px&quot;,&quot;size&quot;:&quot;&quot;,&quot;sizes&quot;:[]},&quot;cards_row_gap_mobile&quot;:{&quot;unit&quot;:&quot;px&quot;,&quot;size&quot;:&quot;&quot;,&quot;sizes&quot;:[]}}\" data-widget_type=\"posts.cards\">\n\t\t\t\t<div class=\"elementor-widget-container\">\n\t\t\t\t\t<div class=\"elementor-posts-container elementor-posts elementor-posts--skin-cards elementor-grid\">\n\t\t\t\t<article class=\"elementor-post elementor-grid-item post-2520 post type-post status-publish format-standard has-post-thumbnail hentry category-blog category-intenso\">\n\t\t\t<div class=\"elementor-post__card\">\n\t\t\t\t<a class=\"elementor-post__thumbnail__link\" href=\"https:\/\/cafegalavis.com.co\/en\/el-arte-de-producir-cafe-de-la-semilla-a-tu-taza\/\" tabindex=\"-1\" ><div class=\"elementor-post__thumbnail\"><img fetchpriority=\"high\" decoding=\"async\" width=\"293\" height=\"300\" src=\"https:\/\/cafegalavis.com.co\/wp-content\/uploads\/2024\/11\/Rectangle-4-293x300.png\" class=\"attachment-medium size-medium wp-image-678\" alt=\"\" srcset=\"https:\/\/cafegalavis.com.co\/wp-content\/uploads\/2024\/11\/Rectangle-4-293x300.png 293w, https:\/\/cafegalavis.com.co\/wp-content\/uploads\/2024\/11\/Rectangle-4-12x12.png 12w, https:\/\/cafegalavis.com.co\/wp-content\/uploads\/2024\/11\/Rectangle-4.png 330w\" sizes=\"(max-width: 293px) 100vw, 293px\" \/><\/div><\/a>\n\t\t\t\t<div class=\"elementor-post__badge\">Blog<\/div>\n\t\t\t\t<div class=\"elementor-post__avatar\">\n\t\t\t<img alt='Cafegalavis@Admin' src='https:\/\/secure.gravatar.com\/avatar\/33e54dec0cd79fc4b5e911c15f836c46ec8d0e452ecd3ca5f707bce0a3540a3b?s=128&#038;d=mm&#038;r=g' srcset='https:\/\/secure.gravatar.com\/avatar\/33e54dec0cd79fc4b5e911c15f836c46ec8d0e452ecd3ca5f707bce0a3540a3b?s=256&#038;d=mm&#038;r=g 2x' class='avatar avatar-128 photo' height='128' width='128' \/>\t\t<\/div>\n\t\t\t\t<div class=\"elementor-post__text\">\n\t\t\t\t<h3 class=\"elementor-post__title\">\n\t\t\t<a href=\"https:\/\/cafegalavis.com.co\/en\/el-arte-de-producir-cafe-de-la-semilla-a-tu-taza\/\" >\n\t\t\t\tThe Art of Coffee Production: From Seed to Cup.\t\t\t<\/a>\n\t\t<\/h3>\n\t\t\t\t<div class=\"elementor-post__excerpt\">\n\t\t\t<p>At Caf\u00e9 Galavis, we understand that behind every cup of coffee there is a history, a tradition and a tireless effort. From the moment we<\/p>\n\t\t<\/div>\n\t\t\n\t\t<a class=\"elementor-post__read-more\" href=\"https:\/\/cafegalavis.com.co\/en\/el-arte-de-producir-cafe-de-la-semilla-a-tu-taza\/\" aria-label=\"Read more about El Arte de Producir Caf\u00e9: De la Semilla a tu Taza.\" tabindex=\"-1\" >\n\t\t\tVer m\u00e1s\u00bb\t\t<\/a>\n\n\t\t\t\t<\/div>\n\t\t\t\t<div class=\"elementor-post__meta-data\">\n\t\t\t\t\t<span class=\"elementor-post-date\">\n\t\t\tJanuary 10, 2025\t\t<\/span>\n\t\t\t\t<span class=\"elementor-post-avatar\">\n\t\t\tNo Comments\t\t<\/span>\n\t\t\t\t<\/div>\n\t\t\t\t\t<\/div>\n\t\t<\/article>\n\t\t\t\t<article class=\"elementor-post elementor-grid-item post-1372 post type-post status-publish format-standard has-post-thumbnail hentry category-intenso\">\n\t\t\t<div class=\"elementor-post__card\">\n\t\t\t\t<a class=\"elementor-post__thumbnail__link\" href=\"https:\/\/cafegalavis.com.co\/en\/visita-nuestra-tienda-de-cafe-galavis\/\" tabindex=\"-1\" ><div class=\"elementor-post__thumbnail\"><img decoding=\"async\" width=\"300\" height=\"158\" src=\"https:\/\/cafegalavis.com.co\/wp-content\/uploads\/2024\/12\/blog1-300x158.jpg\" class=\"attachment-medium size-medium wp-image-1330\" alt=\"\" srcset=\"https:\/\/cafegalavis.com.co\/wp-content\/uploads\/2024\/12\/blog1-300x158.jpg 300w, https:\/\/cafegalavis.com.co\/wp-content\/uploads\/2024\/12\/blog1-600x317.jpg 600w, https:\/\/cafegalavis.com.co\/wp-content\/uploads\/2024\/12\/blog1-768x405.jpg 768w, https:\/\/cafegalavis.com.co\/wp-content\/uploads\/2024\/12\/blog1-18x10.jpg 18w, https:\/\/cafegalavis.com.co\/wp-content\/uploads\/2024\/12\/blog1.jpg 970w\" sizes=\"(max-width: 300px) 100vw, 300px\" \/><\/div><\/a>\n\t\t\t\t<div class=\"elementor-post__badge\">Intense<\/div>\n\t\t\t\t<div class=\"elementor-post__avatar\">\n\t\t\t<img alt='Cafegalavis@Admin' src='https:\/\/secure.gravatar.com\/avatar\/33e54dec0cd79fc4b5e911c15f836c46ec8d0e452ecd3ca5f707bce0a3540a3b?s=128&#038;d=mm&#038;r=g' srcset='https:\/\/secure.gravatar.com\/avatar\/33e54dec0cd79fc4b5e911c15f836c46ec8d0e452ecd3ca5f707bce0a3540a3b?s=256&#038;d=mm&#038;r=g 2x' class='avatar avatar-128 photo' height='128' width='128' \/>\t\t<\/div>\n\t\t\t\t<div class=\"elementor-post__text\">\n\t\t\t\t<h3 class=\"elementor-post__title\">\n\t\t\t<a href=\"https:\/\/cafegalavis.com.co\/en\/visita-nuestra-tienda-de-cafe-galavis\/\" >\n\t\t\t\tVisit our Galavis Coffee Store\t\t\t<\/a>\n\t\t<\/h3>\n\t\t\t\t<div class=\"elementor-post__excerpt\">\n\t\t\t<p>We want to share with you our aroma and flavor in a space that will make you relax and forget about stress, that's why in our cafeteria we offer you<\/p>\n\t\t<\/div>\n\t\t\n\t\t<a class=\"elementor-post__read-more\" href=\"https:\/\/cafegalavis.com.co\/en\/visita-nuestra-tienda-de-cafe-galavis\/\" aria-label=\"Read more about Visita nuestra Tienda de Caf\u00e9 Galavis\" tabindex=\"-1\" >\n\t\t\tVer m\u00e1s\u00bb\t\t<\/a>\n\n\t\t\t\t<\/div>\n\t\t\t\t<div class=\"elementor-post__meta-data\">\n\t\t\t\t\t<span class=\"elementor-post-date\">\n\t\t\tDecember 2, 2024\t\t<\/span>\n\t\t\t\t<span class=\"elementor-post-avatar\">\n\t\t\tNo Comments\t\t<\/span>\n\t\t\t\t<\/div>\n\t\t\t\t\t<\/div>\n\t\t<\/article>\n\t\t\t\t<article class=\"elementor-post elementor-grid-item post-1370 post type-post status-publish format-standard has-post-thumbnail hentry category-instantaneo\">\n\t\t\t<div class=\"elementor-post__card\">\n\t\t\t\t<a class=\"elementor-post__thumbnail__link\" href=\"https:\/\/cafegalavis.com.co\/en\/nuevo-cafe-galavis-sabor-intenso\/\" tabindex=\"-1\" ><div class=\"elementor-post__thumbnail\"><img decoding=\"async\" width=\"300\" height=\"300\" src=\"https:\/\/cafegalavis.com.co\/wp-content\/uploads\/2024\/12\/IMG_3903-768x768-2-300x300.jpg\" class=\"attachment-medium size-medium wp-image-1003\" alt=\"\" srcset=\"https:\/\/cafegalavis.com.co\/wp-content\/uploads\/2024\/12\/IMG_3903-768x768-2-300x300.jpg 300w, https:\/\/cafegalavis.com.co\/wp-content\/uploads\/2024\/12\/IMG_3903-768x768-2-600x600.jpg 600w, https:\/\/cafegalavis.com.co\/wp-content\/uploads\/2024\/12\/IMG_3903-768x768-2-100x100.jpg 100w, https:\/\/cafegalavis.com.co\/wp-content\/uploads\/2024\/12\/IMG_3903-768x768-2-150x150.jpg 150w, https:\/\/cafegalavis.com.co\/wp-content\/uploads\/2024\/12\/IMG_3903-768x768-2-12x12.jpg 12w, https:\/\/cafegalavis.com.co\/wp-content\/uploads\/2024\/12\/IMG_3903-768x768-2.jpg 768w\" sizes=\"(max-width: 300px) 100vw, 300px\" \/><\/div><\/a>\n\t\t\t\t<div class=\"elementor-post__badge\">Instant<\/div>\n\t\t\t\t<div class=\"elementor-post__avatar\">\n\t\t\t<img alt='Cafegalavis@Admin' src='https:\/\/secure.gravatar.com\/avatar\/33e54dec0cd79fc4b5e911c15f836c46ec8d0e452ecd3ca5f707bce0a3540a3b?s=128&#038;d=mm&#038;r=g' srcset='https:\/\/secure.gravatar.com\/avatar\/33e54dec0cd79fc4b5e911c15f836c46ec8d0e452ecd3ca5f707bce0a3540a3b?s=256&#038;d=mm&#038;r=g 2x' class='avatar avatar-128 photo' height='128' width='128' \/>\t\t<\/div>\n\t\t\t\t<div class=\"elementor-post__text\">\n\t\t\t\t<h3 class=\"elementor-post__title\">\n\t\t\t<a href=\"https:\/\/cafegalavis.com.co\/en\/nuevo-cafe-galavis-sabor-intenso\/\" >\n\t\t\t\tNew Galavis Coffee Flavor + Intense\t\t\t<\/a>\n\t\t<\/h3>\n\t\t\t\t<div class=\"elementor-post__excerpt\">\n\t\t\t<p>Our Caf\u00e9 Galavis Excelso has been certified by CAFECERT under its quality standards and studies carried out as Colombian Origin Coffee, which<\/p>\n\t\t<\/div>\n\t\t\n\t\t<a class=\"elementor-post__read-more\" href=\"https:\/\/cafegalavis.com.co\/en\/nuevo-cafe-galavis-sabor-intenso\/\" aria-label=\"Read more about Nuevo Caf\u00e9 Galavis Sabor + Intenso\" tabindex=\"-1\" >\n\t\t\tVer m\u00e1s\u00bb\t\t<\/a>\n\n\t\t\t\t<\/div>\n\t\t\t\t<div class=\"elementor-post__meta-data\">\n\t\t\t\t\t<span class=\"elementor-post-date\">\n\t\t\tDecember 2, 2024\t\t<\/span>\n\t\t\t\t<span class=\"elementor-post-avatar\">\n\t\t\tNo Comments\t\t<\/span>\n\t\t\t\t<\/div>\n\t\t\t\t\t<\/div>\n\t\t<\/article>\n\t\t\t\t<article class=\"elementor-post elementor-grid-item post-1329 post type-post status-publish format-standard has-post-thumbnail hentry category-tradicional\">\n\t\t\t<div class=\"elementor-post__card\">\n\t\t\t\t<a class=\"elementor-post__thumbnail__link\" href=\"https:\/\/cafegalavis.com.co\/en\/cafe-excelso-certificado-por-cafecert\/\" tabindex=\"-1\" ><div class=\"elementor-post__thumbnail\"><img loading=\"lazy\" decoding=\"async\" width=\"300\" height=\"111\" src=\"https:\/\/cafegalavis.com.co\/wp-content\/uploads\/2024\/12\/cafe-1100x407-1-300x111.jpg\" class=\"attachment-medium size-medium wp-image-2549\" alt=\"\" srcset=\"https:\/\/cafegalavis.com.co\/wp-content\/uploads\/2024\/12\/cafe-1100x407-1-300x111.jpg 300w, https:\/\/cafegalavis.com.co\/wp-content\/uploads\/2024\/12\/cafe-1100x407-1-600x222.jpg 600w, https:\/\/cafegalavis.com.co\/wp-content\/uploads\/2024\/12\/cafe-1100x407-1-1024x379.jpg 1024w, https:\/\/cafegalavis.com.co\/wp-content\/uploads\/2024\/12\/cafe-1100x407-1-768x284.jpg 768w, https:\/\/cafegalavis.com.co\/wp-content\/uploads\/2024\/12\/cafe-1100x407-1-18x7.jpg 18w, https:\/\/cafegalavis.com.co\/wp-content\/uploads\/2024\/12\/cafe-1100x407-1.jpg 1100w\" sizes=\"(max-width: 300px) 100vw, 300px\" \/><\/div><\/a>\n\t\t\t\t<div class=\"elementor-post__badge\">Traditional<\/div>\n\t\t\t\t<div class=\"elementor-post__avatar\">\n\t\t\t<img alt='Cafegalavis@Admin' src='https:\/\/secure.gravatar.com\/avatar\/33e54dec0cd79fc4b5e911c15f836c46ec8d0e452ecd3ca5f707bce0a3540a3b?s=128&#038;d=mm&#038;r=g' srcset='https:\/\/secure.gravatar.com\/avatar\/33e54dec0cd79fc4b5e911c15f836c46ec8d0e452ecd3ca5f707bce0a3540a3b?s=256&#038;d=mm&#038;r=g 2x' class='avatar avatar-128 photo' height='128' width='128' \/>\t\t<\/div>\n\t\t\t\t<div class=\"elementor-post__text\">\n\t\t\t\t<h3 class=\"elementor-post__title\">\n\t\t\t<a href=\"https:\/\/cafegalavis.com.co\/en\/cafe-excelso-certificado-por-cafecert\/\" >\n\t\t\t\tCaf\u00e9 Galavis: More than a Cup, a Commitment to the Region\t\t\t<\/a>\n\t\t<\/h3>\n\t\t\t\t<div class=\"elementor-post__excerpt\">\n\t\t\t<p>Caf\u00e9 Galavis is not only a coffee brand, it is a reflection of our commitment with our region and with the Colombian coffee tradition. From our<\/p>\n\t\t<\/div>\n\t\t\n\t\t<a class=\"elementor-post__read-more\" href=\"https:\/\/cafegalavis.com.co\/en\/cafe-excelso-certificado-por-cafecert\/\" aria-label=\"Read more about Caf\u00e9 Galavis: M\u00e1s que una Taza, un Compromiso con la Regi\u00f3n\" tabindex=\"-1\" >\n\t\t\tVer m\u00e1s\u00bb\t\t<\/a>\n\n\t\t\t\t<\/div>\n\t\t\t\t<div class=\"elementor-post__meta-data\">\n\t\t\t\t\t<span class=\"elementor-post-date\">\n\t\t\tDecember 2, 2024\t\t<\/span>\n\t\t\t\t<span class=\"elementor-post-avatar\">\n\t\t\tNo Comments\t\t<\/span>\n\t\t\t\t<\/div>\n\t\t\t\t\t<\/div>\n\t\t<\/article>\n\t\t\t\t<\/div>\n\t\t\n\t\t\t\t<\/div>\n\t\t\t\t<\/div>\n\t\t\t\t<\/div>\n\t\t<div class=\"elementor-element elementor-element-308c2d55 e-con-full e-flex e-con e-child\" data-id=\"308c2d55\" data-element_type=\"container\">\n\t\t\t\t<div class=\"elementor-element elementor-element-55bfd2f3 elementor-widget__width-inherit elementor-search-form--skin-classic elementor-search-form--button-type-icon elementor-search-form--icon-search elementor-widget elementor-widget-search-form\" data-id=\"55bfd2f3\" data-element_type=\"widget\" data-settings=\"{&quot;skin&quot;:&quot;classic&quot;}\" data-widget_type=\"search-form.default\">\n\t\t\t\t<div class=\"elementor-widget-container\">\n\t\t\t\t\t<search role=\"search\">\n\t\t\t<form class=\"elementor-search-form\" action=\"\/en\/\" method=\"get\" data-trp-original-action=\"https:\/\/cafegalavis.com.co\/en\">\n\t\t\t\t\t\t\t\t\t\t\t\t<div class=\"elementor-search-form__container\">\n\t\t\t\t\t<label class=\"elementor-screen-only\" for=\"elementor-search-form-55bfd2f3\">Search<\/label>\n\n\t\t\t\t\t\n\t\t\t\t\t<input id=\"elementor-search-form-55bfd2f3\" placeholder=\"Search...\" class=\"elementor-search-form__input\" type=\"search\" name=\"s\" value=\"\">\n\t\t\t\t\t\n\t\t\t\t\t\t\t\t\t\t\t<button class=\"elementor-search-form__submit\" type=\"submit\" aria-label=\"Search\">\n\t\t\t\t\t\t\t\t\t\t\t\t\t\t\t<div class=\"e-font-icon-svg-container\"><svg class=\"fa fa-search e-font-icon-svg e-fas-search\" viewbox=\"0 0 512 512\" xmlns=\"http:\/\/www.w3.org\/2000\/svg\"><path d=\"M505 442.7L405.3 343c-4.5-4.5-10.6-7-17-7H372c27.6-35.3 44-79.7 44-128C416 93.1 322.9 0 208 0S0 93.1 0 208s93.1 208 208 208c48.3 0 92.7-16.4 128-44v16.3c0 6.4 2.5 12.5 7 17l99.7 99.7c9.4 9.4 24.6 9.4 33.9 0l28.3-28.3c9.4-9.4 9.4-24.6.1-34zM208 336c-70.7 0-128-57.2-128-128 0-70.7 57.2-128 128-128 70.7 0 128 57.2 128 128 0 70.7-57.2 128-128 128z\"><\/path><\/svg><\/div>\t\t\t\t\t\t\t\t<span class=\"elementor-screen-only\">Search<\/span>\n\t\t\t\t\t\t\t\t\t\t\t\t\t<\/button>\n\t\t\t\t\t\n\t\t\t\t\t\t\t\t\t<\/div>\n\t\t\t<input type=\"hidden\" name=\"trp-form-language\" value=\"en\"\/><\/form>\n\t\t<\/search>\n\t\t\t\t<\/div>\n\t\t\t\t<\/div>\n\t\t\t\t<div class=\"elementor-element elementor-element-405cf68d elementor-grid-1 elementor-posts--thumbnail-left elementor-grid-tablet-2 elementor-grid-mobile-1 elementor-widget elementor-widget-posts\" data-id=\"405cf68d\" data-element_type=\"widget\" data-settings=\"{&quot;classic_columns&quot;:&quot;1&quot;,&quot;classic_row_gap&quot;:{&quot;unit&quot;:&quot;px&quot;,&quot;size&quot;:10,&quot;sizes&quot;:[]},&quot;classic_row_gap_tablet&quot;:{&quot;unit&quot;:&quot;px&quot;,&quot;size&quot;:20,&quot;sizes&quot;:[]},&quot;classic_columns_tablet&quot;:&quot;2&quot;,&quot;classic_columns_mobile&quot;:&quot;1&quot;,&quot;classic_row_gap_mobile&quot;:{&quot;unit&quot;:&quot;px&quot;,&quot;size&quot;:&quot;&quot;,&quot;sizes&quot;:[]}}\" data-widget_type=\"posts.classic\">\n\t\t\t\t<div class=\"elementor-widget-container\">\n\t\t\t\t\t<div class=\"elementor-posts-container elementor-posts elementor-posts--skin-classic elementor-grid\">\n\t\t\t\t<article class=\"elementor-post elementor-grid-item post-2520 post type-post status-publish format-standard has-post-thumbnail hentry category-blog category-intenso\">\n\t\t\t\t<a class=\"elementor-post__thumbnail__link\" href=\"https:\/\/cafegalavis.com.co\/en\/el-arte-de-producir-cafe-de-la-semilla-a-tu-taza\/\" tabindex=\"-1\" >\n\t\t\t<div class=\"elementor-post__thumbnail\"><img loading=\"lazy\" decoding=\"async\" width=\"330\" height=\"338\" src=\"https:\/\/cafegalavis.com.co\/wp-content\/uploads\/2024\/11\/Rectangle-4.png\" class=\"attachment-medium_large size-medium_large wp-image-678\" alt=\"\" srcset=\"https:\/\/cafegalavis.com.co\/wp-content\/uploads\/2024\/11\/Rectangle-4.png 330w, https:\/\/cafegalavis.com.co\/wp-content\/uploads\/2024\/11\/Rectangle-4-293x300.png 293w, https:\/\/cafegalavis.com.co\/wp-content\/uploads\/2024\/11\/Rectangle-4-12x12.png 12w\" sizes=\"(max-width: 330px) 100vw, 330px\" \/><\/div>\n\t\t<\/a>\n\t\t\t\t<div class=\"elementor-post__text\">\n\t\t\t\t<h3 class=\"elementor-post__title\">\n\t\t\t<a href=\"https:\/\/cafegalavis.com.co\/en\/el-arte-de-producir-cafe-de-la-semilla-a-tu-taza\/\" >\n\t\t\t\tThe Art of Coffee Production: From Seed to Cup.\t\t\t<\/a>\n\t\t<\/h3>\n\t\t\t\t<div class=\"elementor-post__meta-data\">\n\t\t\t\t\t<span class=\"elementor-post-date\">\n\t\t\tJanuary 10, 2025\t\t<\/span>\n\t\t\t\t<\/div>\n\t\t\t\t<\/div>\n\t\t\t\t<\/article>\n\t\t\t\t<article class=\"elementor-post elementor-grid-item post-1372 post type-post status-publish format-standard has-post-thumbnail hentry category-intenso\">\n\t\t\t\t<a class=\"elementor-post__thumbnail__link\" href=\"https:\/\/cafegalavis.com.co\/en\/visita-nuestra-tienda-de-cafe-galavis\/\" tabindex=\"-1\" >\n\t\t\t<div class=\"elementor-post__thumbnail\"><img loading=\"lazy\" decoding=\"async\" width=\"768\" height=\"405\" src=\"https:\/\/cafegalavis.com.co\/wp-content\/uploads\/2024\/12\/blog1-768x405.jpg\" class=\"attachment-medium_large size-medium_large wp-image-1330\" alt=\"\" srcset=\"https:\/\/cafegalavis.com.co\/wp-content\/uploads\/2024\/12\/blog1-768x405.jpg 768w, https:\/\/cafegalavis.com.co\/wp-content\/uploads\/2024\/12\/blog1-600x317.jpg 600w, https:\/\/cafegalavis.com.co\/wp-content\/uploads\/2024\/12\/blog1-300x158.jpg 300w, https:\/\/cafegalavis.com.co\/wp-content\/uploads\/2024\/12\/blog1-18x10.jpg 18w, https:\/\/cafegalavis.com.co\/wp-content\/uploads\/2024\/12\/blog1.jpg 970w\" sizes=\"(max-width: 768px) 100vw, 768px\" \/><\/div>\n\t\t<\/a>\n\t\t\t\t<div class=\"elementor-post__text\">\n\t\t\t\t<h3 class=\"elementor-post__title\">\n\t\t\t<a href=\"https:\/\/cafegalavis.com.co\/en\/visita-nuestra-tienda-de-cafe-galavis\/\" >\n\t\t\t\tVisit our Galavis Coffee Store\t\t\t<\/a>\n\t\t<\/h3>\n\t\t\t\t<div class=\"elementor-post__meta-data\">\n\t\t\t\t\t<span class=\"elementor-post-date\">\n\t\t\tDecember 2, 2024\t\t<\/span>\n\t\t\t\t<\/div>\n\t\t\t\t<\/div>\n\t\t\t\t<\/article>\n\t\t\t\t<article class=\"elementor-post elementor-grid-item post-1329 post type-post status-publish format-standard has-post-thumbnail hentry category-tradicional\">\n\t\t\t\t<a class=\"elementor-post__thumbnail__link\" href=\"https:\/\/cafegalavis.com.co\/en\/cafe-excelso-certificado-por-cafecert\/\" tabindex=\"-1\" >\n\t\t\t<div class=\"elementor-post__thumbnail\"><img loading=\"lazy\" decoding=\"async\" width=\"768\" height=\"284\" src=\"https:\/\/cafegalavis.com.co\/wp-content\/uploads\/2024\/12\/cafe-1100x407-1-768x284.jpg\" class=\"attachment-medium_large size-medium_large wp-image-2549\" alt=\"\" srcset=\"https:\/\/cafegalavis.com.co\/wp-content\/uploads\/2024\/12\/cafe-1100x407-1-768x284.jpg 768w, https:\/\/cafegalavis.com.co\/wp-content\/uploads\/2024\/12\/cafe-1100x407-1-600x222.jpg 600w, https:\/\/cafegalavis.com.co\/wp-content\/uploads\/2024\/12\/cafe-1100x407-1-300x111.jpg 300w, https:\/\/cafegalavis.com.co\/wp-content\/uploads\/2024\/12\/cafe-1100x407-1-1024x379.jpg 1024w, https:\/\/cafegalavis.com.co\/wp-content\/uploads\/2024\/12\/cafe-1100x407-1-18x7.jpg 18w, https:\/\/cafegalavis.com.co\/wp-content\/uploads\/2024\/12\/cafe-1100x407-1.jpg 1100w\" sizes=\"(max-width: 768px) 100vw, 768px\" \/><\/div>\n\t\t<\/a>\n\t\t\t\t<div class=\"elementor-post__text\">\n\t\t\t\t<h3 class=\"elementor-post__title\">\n\t\t\t<a href=\"https:\/\/cafegalavis.com.co\/en\/cafe-excelso-certificado-por-cafecert\/\" >\n\t\t\t\tCaf\u00e9 Galavis: More than a Cup, a Commitment to the Region\t\t\t<\/a>\n\t\t<\/h3>\n\t\t\t\t<div class=\"elementor-post__meta-data\">\n\t\t\t\t\t<span class=\"elementor-post-date\">\n\t\t\tDecember 2, 2024\t\t<\/span>\n\t\t\t\t<\/div>\n\t\t\t\t<\/div>\n\t\t\t\t<\/article>\n\t\t\t\t<article class=\"elementor-post elementor-grid-item post-1370 post type-post status-publish format-standard has-post-thumbnail hentry category-instantaneo\">\n\t\t\t\t<a class=\"elementor-post__thumbnail__link\" href=\"https:\/\/cafegalavis.com.co\/en\/nuevo-cafe-galavis-sabor-intenso\/\" tabindex=\"-1\" >\n\t\t\t<div class=\"elementor-post__thumbnail\"><img loading=\"lazy\" decoding=\"async\" width=\"768\" height=\"768\" src=\"https:\/\/cafegalavis.com.co\/wp-content\/uploads\/2024\/12\/IMG_3903-768x768-2.jpg\" class=\"attachment-medium_large size-medium_large wp-image-1003\" alt=\"\" srcset=\"https:\/\/cafegalavis.com.co\/wp-content\/uploads\/2024\/12\/IMG_3903-768x768-2.jpg 768w, https:\/\/cafegalavis.com.co\/wp-content\/uploads\/2024\/12\/IMG_3903-768x768-2-600x600.jpg 600w, https:\/\/cafegalavis.com.co\/wp-content\/uploads\/2024\/12\/IMG_3903-768x768-2-100x100.jpg 100w, https:\/\/cafegalavis.com.co\/wp-content\/uploads\/2024\/12\/IMG_3903-768x768-2-300x300.jpg 300w, https:\/\/cafegalavis.com.co\/wp-content\/uploads\/2024\/12\/IMG_3903-768x768-2-150x150.jpg 150w, https:\/\/cafegalavis.com.co\/wp-content\/uploads\/2024\/12\/IMG_3903-768x768-2-12x12.jpg 12w\" sizes=\"(max-width: 768px) 100vw, 768px\" \/><\/div>\n\t\t<\/a>\n\t\t\t\t<div class=\"elementor-post__text\">\n\t\t\t\t<h3 class=\"elementor-post__title\">\n\t\t\t<a href=\"https:\/\/cafegalavis.com.co\/en\/nuevo-cafe-galavis-sabor-intenso\/\" >\n\t\t\t\tNew Galavis Coffee Flavor + Intense\t\t\t<\/a>\n\t\t<\/h3>\n\t\t\t\t<div class=\"elementor-post__meta-data\">\n\t\t\t\t\t<span class=\"elementor-post-date\">\n\t\t\tDecember 2, 2024\t\t<\/span>\n\t\t\t\t<\/div>\n\t\t\t\t<\/div>\n\t\t\t\t<\/article>\n\t\t\t\t<\/div>\n\t\t\n\t\t\t\t<\/div>\n\t\t\t\t<\/div>\n\t\t\t\t<\/div>\n\t\t\t\t<\/div>\n\t\t<div class=\"elementor-element elementor-element-74b0ca7b e-con-full e-flex e-con e-parent\" data-id=\"74b0ca7b\" data-element_type=\"container\">\n\t\t\t\t<div class=\"elementor-element elementor-element-3667460f elementor-widget-divider--view-line elementor-widget elementor-widget-divider\" data-id=\"3667460f\" data-element_type=\"widget\" data-widget_type=\"divider.default\">\n\t\t\t\t<div class=\"elementor-widget-container\">\n\t\t\t\t\t<div class=\"elementor-divider\">\n\t\t\t<span class=\"elementor-divider-separator\">\n\t\t\t\t\t\t<\/span>\n\t\t<\/div>\n\t\t\t\t<\/div>\n\t\t\t\t<\/div>\n\t\t\t\t<\/div>\n\t\t\t\t<\/div>","protected":false},"excerpt":{"rendered":"","protected":false},"author":1,"featured_media":0,"parent":0,"menu_order":0,"comment_status":"closed","ping_status":"closed","template":"","meta":{"inline_featured_image":false,"_joinchat":[],"footnotes":""},"class_list":["post-1323","page","type-page","status-publish","hentry"],"_links":{"self":[{"href":"https:\/\/cafegalavis.com.co\/en\/wp-json\/wp\/v2\/pages\/1323","targetHints":{"allow":["GET"]}}],"collection":[{"href":"https:\/\/cafegalavis.com.co\/en\/wp-json\/wp\/v2\/pages"}],"about":[{"href":"https:\/\/cafegalavis.com.co\/en\/wp-json\/wp\/v2\/types\/page"}],"author":[{"embeddable":true,"href":"https:\/\/cafegalavis.com.co\/en\/wp-json\/wp\/v2\/users\/1"}],"replies":[{"embeddable":true,"href":"https:\/\/cafegalavis.com.co\/en\/wp-json\/wp\/v2\/comments?post=1323"}],"version-history":[{"count":133,"href":"https:\/\/cafegalavis.com.co\/en\/wp-json\/wp\/v2\/pages\/1323\/revisions"}],"predecessor-version":[{"id":4143,"href":"https:\/\/cafegalavis.com.co\/en\/wp-json\/wp\/v2\/pages\/1323\/revisions\/4143"}],"wp:attachment":[{"href":"https:\/\/cafegalavis.com.co\/en\/wp-json\/wp\/v2\/media?parent=1323"}],"curies":[{"name":"wp","href":"https:\/\/api.w.org\/{rel}","templated":true}]}}