{"id":1249,"date":"2024-12-02T16:40:07","date_gmt":"2024-12-02T16:40:07","guid":{"rendered":"https:\/\/cafegalavis.com.co\/?page_id=1249"},"modified":"2025-04-25T14:49:08","modified_gmt":"2025-04-25T14:49:08","slug":"nuestra-historia","status":"publish","type":"page","link":"https:\/\/cafegalavis.com.co\/en\/nuestra-historia\/","title":{"rendered":"Our History"},"content":{"rendered":"<div data-elementor-type=\"wp-page\" data-elementor-id=\"1249\" class=\"elementor elementor-1249\" data-elementor-post-type=\"page\">\n\t\t\t\t<div class=\"elementor-element elementor-element-4c283471 e-con-full e-flex e-con e-parent\" data-id=\"4c283471\" data-element_type=\"container\">\n\t\t<div class=\"elementor-element elementor-element-3948b7a8 e-con-full e-flex e-con e-child\" data-id=\"3948b7a8\" data-element_type=\"container\">\n\t\t\t\t<div class=\"elementor-element elementor-element-63458de8 elementor-widget elementor-widget-heading\" data-id=\"63458de8\" data-element_type=\"widget\" data-widget_type=\"heading.default\">\n\t\t\t\t<div class=\"elementor-widget-container\">\n\t\t\t<h1 class=\"elementor-heading-title elementor-size-default\">Our History<\/h1>\t\t<\/div>\n\t\t\t\t<\/div>\n\t\t\t\t<div class=\"elementor-element elementor-element-6455ed4a elementor-widget elementor-widget-woocommerce-breadcrumb\" data-id=\"6455ed4a\" data-element_type=\"widget\" data-widget_type=\"woocommerce-breadcrumb.default\">\n\t\t\t\t<div class=\"elementor-widget-container\">\n\t\t\t<nav class=\"woocommerce-breadcrumb\" aria-label=\"Breadcrumb\" data-no-translation=\"\" data-trp-gettext=\"\">Home<\/nav>\t\t<\/div>\n\t\t\t\t<\/div>\n\t\t\t\t<\/div>\n\t\t\t\t<\/div>\n\t\t<div class=\"elementor-element elementor-element-61dceb02 e-flex e-con-boxed e-con e-parent\" data-id=\"61dceb02\" data-element_type=\"container\">\n\t\t\t\t\t<div class=\"e-con-inner\">\n\t\t<div class=\"elementor-element elementor-element-60ffa324 e-flex e-con-boxed e-con e-child\" data-id=\"60ffa324\" data-element_type=\"container\">\n\t\t\t\t\t<div class=\"e-con-inner\">\n\t\t<div class=\"elementor-element elementor-element-1e77c1f2 e-con-full e-flex e-con e-child\" data-id=\"1e77c1f2\" data-element_type=\"container\">\n\t\t\t\t<div class=\"elementor-element elementor-element-f54fa4b elementor-widget elementor-widget-heading\" data-id=\"f54fa4b\" data-element_type=\"widget\" data-widget_type=\"heading.default\">\n\t\t\t\t<div class=\"elementor-widget-container\">\n\t\t\t<h2 class=\"elementor-heading-title elementor-size-default\">Our history<\/h2>\t\t<\/div>\n\t\t\t\t<\/div>\n\t\t\t\t<div class=\"elementor-element elementor-element-5326c3fa elementor-widget elementor-widget-text-editor\" data-id=\"5326c3fa\" data-element_type=\"widget\" data-widget_type=\"text-editor.default\">\n\t\t\t\t<div class=\"elementor-widget-container\">\n\t\t\t\t\t\t\t<p>History tells that coffee entered Colombia through the department of Norte de Santander coming from the Guyanas crossing Venezuela. It is in the customs office of the city of San Jos\u00e9 de C\u00facuta where the first commercial production of the grain is registered in Grenadian territory with its corresponding exportation around the year 1835.<\/p>\t\t\t\t\t\t<\/div>\n\t\t\t\t<\/div>\n\t\t\t\t<\/div>\n\t\t<div class=\"elementor-element elementor-element-39fe3605 e-con-full e-flex e-con e-child\" data-id=\"39fe3605\" data-element_type=\"container\">\n\t\t\t\t<div class=\"elementor-element elementor-element-ae61b1c elementor-widget__width-initial elementor-widget elementor-widget-video\" data-id=\"ae61b1c\" data-element_type=\"widget\" data-settings=\"{&quot;youtube_url&quot;:&quot;https:\\\/\\\/youtu.be\\\/DYP8i_0YlZc&quot;,&quot;autoplay&quot;:&quot;yes&quot;,&quot;play_on_mobile&quot;:&quot;yes&quot;,&quot;mute&quot;:&quot;yes&quot;,&quot;video_type&quot;:&quot;youtube&quot;,&quot;controls&quot;:&quot;yes&quot;}\" data-widget_type=\"video.default\">\n\t\t\t\t<div class=\"elementor-widget-container\">\n\t\t\t\t\t<div class=\"elementor-wrapper elementor-open-inline\">\n\t\t\t<div class=\"elementor-video\"><\/div>\t\t<\/div>\n\t\t\t\t<\/div>\n\t\t\t\t<\/div>\n\t\t\t\t<\/div>\n\t\t\t\t\t<\/div>\n\t\t\t\t<\/div>\n\t\t\t\t\t<\/div>\n\t\t\t\t<\/div>\n\t\t<div class=\"elementor-element elementor-element-fd0ac89 e-flex e-con-boxed e-con e-parent\" data-id=\"fd0ac89\" data-element_type=\"container\">\n\t\t\t\t\t<div class=\"e-con-inner\">\n\t\t\t\t<div class=\"elementor-element elementor-element-f7d4f66 elementor-widget elementor-widget-heading\" data-id=\"f7d4f66\" data-element_type=\"widget\" data-widget_type=\"heading.default\">\n\t\t\t\t<div class=\"elementor-widget-container\">\n\t\t\t<h2 class=\"elementor-heading-title elementor-size-default\">Our Brand<\/h2>\t\t<\/div>\n\t\t\t\t<\/div>\n\t\t<div class=\"elementor-element elementor-element-21dafd7 e-con-full e-flex e-con e-child\" data-id=\"21dafd7\" data-element_type=\"container\">\n\t\t<div class=\"elementor-element elementor-element-63cc764 e-con-full e-flex e-con e-child\" data-id=\"63cc764\" data-element_type=\"container\">\n\t\t\t\t<div class=\"elementor-element elementor-element-a4743fc elementor-widget elementor-widget-heading\" data-id=\"a4743fc\" data-element_type=\"widget\" data-widget_type=\"heading.default\">\n\t\t\t\t<div class=\"elementor-widget-container\">\n\t\t\t<h2 class=\"elementor-heading-title elementor-size-default\">This is how we were<\/h2>\t\t<\/div>\n\t\t\t\t<\/div>\n\t\t\t\t<div class=\"elementor-element elementor-element-2921afd elementor-widget__width-initial elementor-widget elementor-widget-image\" data-id=\"2921afd\" data-element_type=\"widget\" data-widget_type=\"image.default\">\n\t\t\t\t<div class=\"elementor-widget-container\">\n\t\t\t\t\t\t\t\t\t\t\t\t\t<img decoding=\"async\" src=\"https:\/\/cafegalavis.com.co\/wp-content\/uploads\/elementor\/thumbs\/Captura-de-pantalla-2025-02-14-a-las-9.04.37\u202fa.m-r1hyo9isz6gtkbec9mt4wm3qyc1kw570uanu8c7qdw.png\" title=\"Captura de pantalla 2025-02-14 a la(s) 9.04.37\u202fa.m.\" alt=\"Captura de pantalla 2025-02-14 a la(s) 9.04.37\u202fa.m.\" loading=\"lazy\" \/>\t\t\t\t\t\t\t\t\t\t\t\t\t<\/div>\n\t\t\t\t<\/div>\n\t\t\t\t<\/div>\n\t\t<div class=\"elementor-element elementor-element-25f59f5 e-con-full e-flex e-con e-child\" data-id=\"25f59f5\" data-element_type=\"container\">\n\t\t\t\t<div class=\"elementor-element elementor-element-4afdf28 elementor-widget elementor-widget-heading\" data-id=\"4afdf28\" data-element_type=\"widget\" data-widget_type=\"heading.default\">\n\t\t\t\t<div class=\"elementor-widget-container\">\n\t\t\t<h2 class=\"elementor-heading-title elementor-size-default\">That's how we are<\/h2>\t\t<\/div>\n\t\t\t\t<\/div>\n\t\t\t\t<div class=\"elementor-element elementor-element-d38c7b7 elementor-widget elementor-widget-image\" data-id=\"d38c7b7\" data-element_type=\"widget\" data-widget_type=\"image.default\">\n\t\t\t\t<div class=\"elementor-widget-container\">\n\t\t\t\t\t\t\t\t\t\t\t\t\t<img fetchpriority=\"high\" decoding=\"async\" width=\"300\" height=\"217\" src=\"https:\/\/cafegalavis.com.co\/wp-content\/uploads\/2025\/02\/Captura-de-pantalla-2025-02-14-a-las-9.50.25\u202fa.m-300x217.png\" class=\"attachment-medium size-medium wp-image-3749\" alt=\"\" srcset=\"https:\/\/cafegalavis.com.co\/wp-content\/uploads\/2025\/02\/Captura-de-pantalla-2025-02-14-a-las-9.50.25\u202fa.m-300x217.png 300w, https:\/\/cafegalavis.com.co\/wp-content\/uploads\/2025\/02\/Captura-de-pantalla-2025-02-14-a-las-9.50.25\u202fa.m-18x12.png 18w, https:\/\/cafegalavis.com.co\/wp-content\/uploads\/2025\/02\/Captura-de-pantalla-2025-02-14-a-las-9.50.25\u202fa.m.png 484w\" sizes=\"(max-width: 300px) 100vw, 300px\" \/>\t\t\t\t\t\t\t\t\t\t\t\t\t<\/div>\n\t\t\t\t<\/div>\n\t\t\t\t<\/div>\n\t\t\t\t<\/div>\n\t\t\t\t\t<\/div>\n\t\t\t\t<\/div>\n\t\t<div class=\"elementor-element elementor-element-410241e e-flex e-con-boxed e-con e-parent\" data-id=\"410241e\" data-element_type=\"container\" data-settings=\"{&quot;background_background&quot;:&quot;classic&quot;}\">\n\t\t\t\t\t<div class=\"e-con-inner\">\n\t\t<div class=\"elementor-element elementor-element-96eea5f e-con-full e-flex e-con e-child\" data-id=\"96eea5f\" data-element_type=\"container\">\n\t\t\t\t<div class=\"elementor-element elementor-element-8220279 elementor-widget elementor-widget-heading\" data-id=\"8220279\" data-element_type=\"widget\" data-widget_type=\"heading.default\">\n\t\t\t\t<div class=\"elementor-widget-container\">\n\t\t\t<h2 class=\"elementor-heading-title elementor-size-default\">Our growth <\/h2>\t\t<\/div>\n\t\t\t\t<\/div>\n\t\t\t\t<\/div>\n\t\t<div class=\"elementor-element elementor-element-5269a45 e-con-full e-flex e-con e-child\" data-id=\"5269a45\" data-element_type=\"container\" data-settings=\"{&quot;background_background&quot;:&quot;classic&quot;}\">\n\t\t\t\t<div class=\"elementor-element elementor-element-019423a elementor-pagination-type-bullets elementor-arrows-position-inside elementor-pagination-position-outside elementor-widget elementor-widget-n-carousel\" data-id=\"019423a\" data-element_type=\"widget\" data-settings=\"{&quot;carousel_items&quot;:[{&quot;slide_title&quot;:&quot;Slide #1&quot;,&quot;_id&quot;:&quot;3e7d32e&quot;},{&quot;slide_title&quot;:&quot;Slide #2&quot;,&quot;_id&quot;:&quot;971a616&quot;},{&quot;slide_title&quot;:&quot;Slide #3&quot;,&quot;_id&quot;:&quot;c675a75&quot;}],&quot;slides_to_show&quot;:&quot;1&quot;,&quot;slides_to_show_tablet&quot;:&quot;1&quot;,&quot;slides_to_show_mobile&quot;:&quot;1&quot;,&quot;autoplay&quot;:&quot;yes&quot;,&quot;autoplay_speed&quot;:5000,&quot;pause_on_hover&quot;:&quot;yes&quot;,&quot;pause_on_interaction&quot;:&quot;yes&quot;,&quot;speed&quot;:500,&quot;arrows&quot;:&quot;yes&quot;,&quot;pagination&quot;:&quot;bullets&quot;,&quot;image_spacing_custom&quot;:{&quot;unit&quot;:&quot;px&quot;,&quot;size&quot;:10,&quot;sizes&quot;:[]},&quot;image_spacing_custom_tablet&quot;:{&quot;unit&quot;:&quot;px&quot;,&quot;size&quot;:&quot;&quot;,&quot;sizes&quot;:[]},&quot;image_spacing_custom_mobile&quot;:{&quot;unit&quot;:&quot;px&quot;,&quot;size&quot;:&quot;&quot;,&quot;sizes&quot;:[]}}\" data-widget_type=\"nested-carousel.default\">\n\t\t\t\t<div class=\"elementor-widget-container\">\n\t\t\t\t\t<div class=\"e-n-carousel swiper\" dir=\"ltr\">\n\t\t\t<div class=\"swiper-wrapper\" aria-live=\"off\">\n\t\t\t\t\t\t\t\t\t\t<div class=\"swiper-slide\" data-slide=\"1\" role=\"group\" aria-roledescription=\"slide\" aria-label=\"1 of 3\">\n\t\t\t\t\t\t\t<div class=\"elementor-element elementor-element-70406f1 e-con-full e-flex e-con e-child\" data-id=\"70406f1\" data-element_type=\"container\">\n\t\t<div class=\"elementor-element elementor-element-4ce4206 e-con-full e-flex e-con e-child\" data-id=\"4ce4206\" data-element_type=\"container\">\n\t\t<div class=\"elementor-element elementor-element-9a2e89f e-con-full e-flex e-con e-child\" data-id=\"9a2e89f\" data-element_type=\"container\">\n\t\t\t\t<div class=\"elementor-element elementor-element-08f1b9b elementor-widget-tablet__width-inherit elementor-widget elementor-widget-image\" data-id=\"08f1b9b\" data-element_type=\"widget\" data-widget_type=\"image.default\">\n\t\t\t\t<div class=\"elementor-widget-container\">\n\t\t\t\t\t\t\t\t\t\t\t\t\t<img decoding=\"async\" width=\"501\" height=\"321\" src=\"https:\/\/cafegalavis.com.co\/wp-content\/uploads\/2025\/01\/Copia-de-historia-galavis-1.png\" class=\"attachment-large size-large wp-image-2442\" alt=\"\" srcset=\"https:\/\/cafegalavis.com.co\/wp-content\/uploads\/2025\/01\/Copia-de-historia-galavis-1.png 501w, https:\/\/cafegalavis.com.co\/wp-content\/uploads\/2025\/01\/Copia-de-historia-galavis-1-300x192.png 300w, https:\/\/cafegalavis.com.co\/wp-content\/uploads\/2025\/01\/Copia-de-historia-galavis-1-18x12.png 18w\" sizes=\"(max-width: 501px) 100vw, 501px\" \/>\t\t\t\t\t\t\t\t\t\t\t\t\t<\/div>\n\t\t\t\t<\/div>\n\t\t\t\t<\/div>\n\t\t<div class=\"elementor-element elementor-element-4ac6539 e-con-full e-flex e-con e-child\" data-id=\"4ac6539\" data-element_type=\"container\">\n\t\t\t\t<div class=\"elementor-element elementor-element-8770e9a elementor-widget elementor-widget-text-editor\" data-id=\"8770e9a\" data-element_type=\"widget\" data-widget_type=\"text-editor.default\">\n\t\t\t\t<div class=\"elementor-widget-container\">\n\t\t\t\t\t\t\t<p>For this reason, the first roasting industries arose in that locality, as is the case of \u201cCaf\u00e9 Galavis\u201d, founded in 1918 in Villa del Rosario, Colombia, as a result of the determination and dedication of its founder Mr. Lino Galavis, constituting an industry at the farm level together with his wife and family, with whom he roasted and sold the grain that he brought by mule from the coffee growing areas of the department of Santander. After his death in 1951 and faced with the enormous responsibility, his son, Lino Galavis junior took over the administration of the factory, who decided to give a turn to the company based on a greater planning and with a more industrial criterion, He modernized the factory through the acquisition of packaging machines built specifically by the firm Richard Pack with the purpose of satisfying the needs of packaging, hygiene and speed that were required due to the high volume of coffee bean processing and to train himself in the latest technological tendencies in coffee roasting, managing the company for the last 60 years.<\/p>\t\t\t\t\t\t<\/div>\n\t\t\t\t<\/div>\n\t\t\t\t<\/div>\n\t\t\t\t<\/div>\n\t\t\t\t<\/div>\n\t\t\t\t\t\t\t\t<\/div>\n\t\t\t\t\t\t\t\t\t\t\t<div class=\"swiper-slide\" data-slide=\"2\" role=\"group\" aria-roledescription=\"slide\" aria-label=\"2 of 3\">\n\t\t\t\t\t\t\t<div class=\"elementor-element elementor-element-9a2b23b e-con-full e-flex e-con e-child\" data-id=\"9a2b23b\" data-element_type=\"container\">\n\t\t<div class=\"elementor-element elementor-element-c6c303e e-con-full e-flex e-con e-child\" data-id=\"c6c303e\" data-element_type=\"container\">\n\t\t<div class=\"elementor-element elementor-element-88ca136 e-con-full e-flex e-con e-child\" data-id=\"88ca136\" data-element_type=\"container\">\n\t\t\t\t<div class=\"elementor-element elementor-element-e92cfbf elementor-widget elementor-widget-image\" data-id=\"e92cfbf\" data-element_type=\"widget\" data-widget_type=\"image.default\">\n\t\t\t\t<div class=\"elementor-widget-container\">\n\t\t\t\t\t\t\t\t\t\t\t\t\t<img decoding=\"async\" width=\"722\" height=\"524\" src=\"https:\/\/cafegalavis.com.co\/wp-content\/uploads\/2025\/01\/Copia-de-historia-galavis-2.jpg\" class=\"attachment-full size-full wp-image-2443\" alt=\"\" srcset=\"https:\/\/cafegalavis.com.co\/wp-content\/uploads\/2025\/01\/Copia-de-historia-galavis-2.jpg 722w, https:\/\/cafegalavis.com.co\/wp-content\/uploads\/2025\/01\/Copia-de-historia-galavis-2-600x435.jpg 600w, https:\/\/cafegalavis.com.co\/wp-content\/uploads\/2025\/01\/Copia-de-historia-galavis-2-300x218.jpg 300w, https:\/\/cafegalavis.com.co\/wp-content\/uploads\/2025\/01\/Copia-de-historia-galavis-2-18x12.jpg 18w\" sizes=\"(max-width: 722px) 100vw, 722px\" \/>\t\t\t\t\t\t\t\t\t\t\t\t\t<\/div>\n\t\t\t\t<\/div>\n\t\t\t\t<\/div>\n\t\t<div class=\"elementor-element elementor-element-90b862b e-con-full e-flex e-con e-child\" data-id=\"90b862b\" data-element_type=\"container\">\n\t\t\t\t<div class=\"elementor-element elementor-element-1d86730 elementor-widget elementor-widget-text-editor\" data-id=\"1d86730\" data-element_type=\"widget\" data-widget_type=\"text-editor.default\">\n\t\t\t\t<div class=\"elementor-widget-container\">\n\t\t\t\t\t\t\t<p>Due to the high demand, the factory was located in the city of San Jos\u00e9 de C\u00facuta, a territory geographically delimited with the Colombian-Venezuelan border, which is why the border country was one of the main clients of Colombian coffee.<\/p>\t\t\t\t\t\t<\/div>\n\t\t\t\t<\/div>\n\t\t\t\t<\/div>\n\t\t\t\t<\/div>\n\t\t\t\t<\/div>\n\t\t\t\t\t\t\t\t<\/div>\n\t\t\t\t\t\t\t\t\t\t\t<div class=\"swiper-slide\" data-slide=\"3\" role=\"group\" aria-roledescription=\"slide\" aria-label=\"3 of 3\">\n\t\t\t\t\t\t\t<div class=\"elementor-element elementor-element-235bbf5 e-flex e-con-boxed e-con e-child\" data-id=\"235bbf5\" data-element_type=\"container\">\n\t\t\t\t\t<div class=\"e-con-inner\">\n\t\t<div class=\"elementor-element elementor-element-5f68b51 e-con-full e-flex e-con e-child\" data-id=\"5f68b51\" data-element_type=\"container\">\n\t\t<div class=\"elementor-element elementor-element-2b45d91 e-con-full e-flex e-con e-child\" data-id=\"2b45d91\" data-element_type=\"container\">\n\t\t\t\t<div class=\"elementor-element elementor-element-5ceb4c4 elementor-widget elementor-widget-image\" data-id=\"5ceb4c4\" data-element_type=\"widget\" data-widget_type=\"image.default\">\n\t\t\t\t<div class=\"elementor-widget-container\">\n\t\t\t\t\t\t\t\t\t\t\t\t\t<img loading=\"lazy\" decoding=\"async\" width=\"767\" height=\"574\" src=\"https:\/\/cafegalavis.com.co\/wp-content\/uploads\/2025\/02\/Captura-de-pantalla-2025-02-14-a-las-9.23.29\u202fa.m.png\" class=\"attachment-full size-full wp-image-3720\" alt=\"\" srcset=\"https:\/\/cafegalavis.com.co\/wp-content\/uploads\/2025\/02\/Captura-de-pantalla-2025-02-14-a-las-9.23.29\u202fa.m.png 767w, https:\/\/cafegalavis.com.co\/wp-content\/uploads\/2025\/02\/Captura-de-pantalla-2025-02-14-a-las-9.23.29\u202fa.m-300x225.png 300w, https:\/\/cafegalavis.com.co\/wp-content\/uploads\/2025\/02\/Captura-de-pantalla-2025-02-14-a-las-9.23.29\u202fa.m-16x12.png 16w, https:\/\/cafegalavis.com.co\/wp-content\/uploads\/2025\/02\/Captura-de-pantalla-2025-02-14-a-las-9.23.29\u202fa.m-600x449.png 600w\" sizes=\"(max-width: 767px) 100vw, 767px\" \/>\t\t\t\t\t\t\t\t\t\t\t\t\t<\/div>\n\t\t\t\t<\/div>\n\t\t\t\t<\/div>\n\t\t<div class=\"elementor-element elementor-element-98cf644 e-con-full e-flex e-con e-child\" data-id=\"98cf644\" data-element_type=\"container\">\n\t\t\t\t<div class=\"elementor-element elementor-element-5e1c8dd elementor-widget elementor-widget-text-editor\" data-id=\"5e1c8dd\" data-element_type=\"widget\" data-widget_type=\"text-editor.default\">\n\t\t\t\t<div class=\"elementor-widget-container\">\n\t\t\t\t\t\t\t<p>In 2015, the engineer Juan Y\u00e1\u00f1ez took on the challenge of maintaining the positioning of the firm with the vision of expanding the Core business to international markets, expanding the brand throughout the region and sustaining its name and identity in the nortesantandandereanos.<\/p>\t\t\t\t\t\t<\/div>\n\t\t\t\t<\/div>\n\t\t\t\t<\/div>\n\t\t\t\t<\/div>\n\t\t\t\t\t<\/div>\n\t\t\t\t<\/div>\n\t\t\t\t\t\t\t\t<\/div>\n\t\t\t\t\t\t\t\t<\/div>\n\t\t<\/div>\n\t\t\t\t\t<div class=\"elementor-swiper-button elementor-swiper-button-prev\" role=\"button\" tabindex=\"0\">\n\t\t\t\t<svg aria-hidden=\"true\" class=\"e-font-icon-svg e-eicon-chevron-left\" viewbox=\"0 0 1000 1000\" xmlns=\"http:\/\/www.w3.org\/2000\/svg\"><path d=\"M646 125C629 125 613 133 604 142L308 442C296 454 292 471 292 487 292 504 296 521 308 533L604 854C617 867 629 875 646 875 663 875 679 871 692 858 704 846 713 829 713 812 713 796 708 779 692 767L438 487 692 225C700 217 708 204 708 187 708 171 704 154 692 142 675 129 663 125 646 125Z\"><\/path><\/svg>\t\t\t<\/div>\n\t\t\t<div class=\"elementor-swiper-button elementor-swiper-button-next\" role=\"button\" tabindex=\"0\">\n\t\t\t\t<svg aria-hidden=\"true\" class=\"e-font-icon-svg e-eicon-chevron-right\" viewbox=\"0 0 1000 1000\" xmlns=\"http:\/\/www.w3.org\/2000\/svg\"><path d=\"M696 533C708 521 713 504 713 487 713 471 708 454 696 446L400 146C388 133 375 125 354 125 338 125 325 129 313 142 300 154 292 171 292 187 292 204 296 221 308 233L563 492 304 771C292 783 288 800 288 817 288 833 296 850 308 863 321 871 338 875 354 875 371 875 388 867 400 854L696 533Z\"><\/path><\/svg>\t\t\t<\/div>\n\t\t\t\t\t<div class=\"swiper-pagination\"><\/div>\n\t\t\t\t<\/div>\n\t\t\t\t<\/div>\n\t\t\t\t<\/div>\n\t\t\t\t\t<\/div>\n\t\t\t\t<\/div>\n\t\t<div class=\"elementor-element elementor-element-2dc5effe e-flex e-con-boxed e-con e-parent\" data-id=\"2dc5effe\" data-element_type=\"container\">\n\t\t\t\t\t<div class=\"e-con-inner\">\n\t\t<div class=\"elementor-element elementor-element-51a8cfbe e-flex e-con-boxed e-con e-child\" data-id=\"51a8cfbe\" data-element_type=\"container\" data-settings=\"{&quot;background_background&quot;:&quot;classic&quot;}\">\n\t\t\t\t\t<div class=\"e-con-inner\">\n\t\t\t\t<div class=\"elementor-element elementor-element-5d7b49ba elementor-widget elementor-widget-spacer\" data-id=\"5d7b49ba\" data-element_type=\"widget\" data-widget_type=\"spacer.default\">\n\t\t\t\t<div class=\"elementor-widget-container\">\n\t\t\t\t\t<div class=\"elementor-spacer\">\n\t\t\t<div class=\"elementor-spacer-inner\"><\/div>\n\t\t<\/div>\n\t\t\t\t<\/div>\n\t\t\t\t<\/div>\n\t\t\t\t\t<\/div>\n\t\t\t\t<\/div>\n\t\t<div class=\"elementor-element elementor-element-7a3f2188 e-flex e-con-boxed e-con e-child\" data-id=\"7a3f2188\" data-element_type=\"container\">\n\t\t\t\t\t<div class=\"e-con-inner\">\n\t\t<div class=\"elementor-element elementor-element-b5c9351 e-con-full e-flex e-con e-child\" data-id=\"b5c9351\" data-element_type=\"container\">\n\t\t\t\t<div class=\"elementor-element elementor-element-481f7731 elementor-widget__width-initial elementor-widget-mobile__width-initial elementor-widget elementor-widget-image\" data-id=\"481f7731\" data-element_type=\"widget\" data-widget_type=\"image.default\">\n\t\t\t\t<div class=\"elementor-widget-container\">\n\t\t\t\t\t\t\t\t\t\t\t\t\t<img loading=\"lazy\" decoding=\"async\" width=\"700\" height=\"400\" src=\"https:\/\/cafegalavis.com.co\/wp-content\/uploads\/2025\/01\/Copia-de-Lino-galavis-GIRON-JPG.jpg\" class=\"attachment-large size-large wp-image-2509\" alt=\"\" srcset=\"https:\/\/cafegalavis.com.co\/wp-content\/uploads\/2025\/01\/Copia-de-Lino-galavis-GIRON-JPG.jpg 700w, https:\/\/cafegalavis.com.co\/wp-content\/uploads\/2025\/01\/Copia-de-Lino-galavis-GIRON-JPG-600x343.jpg 600w, https:\/\/cafegalavis.com.co\/wp-content\/uploads\/2025\/01\/Copia-de-Lino-galavis-GIRON-JPG-300x171.jpg 300w, https:\/\/cafegalavis.com.co\/wp-content\/uploads\/2025\/01\/Copia-de-Lino-galavis-GIRON-JPG-18x10.jpg 18w\" sizes=\"(max-width: 700px) 100vw, 700px\" \/>\t\t\t\t\t\t\t\t\t\t\t\t\t<\/div>\n\t\t\t\t<\/div>\n\t\t\t\t<div class=\"elementor-element elementor-element-65e6f028 elementor-widget__width-initial elementor-widget-mobile__width-initial elementor-widget elementor-widget-image\" data-id=\"65e6f028\" data-element_type=\"widget\" data-widget_type=\"image.default\">\n\t\t\t\t<div class=\"elementor-widget-container\">\n\t\t\t\t\t\t\t\t\t\t\t\t\t<img loading=\"lazy\" decoding=\"async\" width=\"640\" height=\"372\" src=\"https:\/\/cafegalavis.com.co\/wp-content\/uploads\/2025\/01\/cafe.jpg\" class=\"attachment-large size-large wp-image-2510\" alt=\"\" srcset=\"https:\/\/cafegalavis.com.co\/wp-content\/uploads\/2025\/01\/cafe.jpg 640w, https:\/\/cafegalavis.com.co\/wp-content\/uploads\/2025\/01\/cafe-600x349.jpg 600w, https:\/\/cafegalavis.com.co\/wp-content\/uploads\/2025\/01\/cafe-300x174.jpg 300w, https:\/\/cafegalavis.com.co\/wp-content\/uploads\/2025\/01\/cafe-18x10.jpg 18w\" sizes=\"(max-width: 640px) 100vw, 640px\" \/>\t\t\t\t\t\t\t\t\t\t\t\t\t<\/div>\n\t\t\t\t<\/div>\n\t\t\t\t<\/div>\n\t\t<div class=\"elementor-element elementor-element-381ed68 e-con-full e-flex e-con e-child\" data-id=\"381ed68\" data-element_type=\"container\">\n\t\t<div class=\"elementor-element elementor-element-295988bd e-con-full e-flex e-con e-child\" data-id=\"295988bd\" data-element_type=\"container\" data-settings=\"{&quot;background_background&quot;:&quot;classic&quot;}\">\n\t\t\t\t<div class=\"elementor-element elementor-element-370638ba elementor-widget elementor-widget-heading\" data-id=\"370638ba\" data-element_type=\"widget\" data-widget_type=\"heading.default\">\n\t\t\t\t<div class=\"elementor-widget-container\">\n\t\t\t<h2 class=\"elementor-heading-title elementor-size-default\">We are the first coffee roasting and grinding company in Colombia, founded by Lino Galavis in 1918.<\/h2>\t\t<\/div>\n\t\t\t\t<\/div>\n\t\t\t\t<div class=\"elementor-element elementor-element-44fe3fbb elementor-widget elementor-widget-text-editor\" data-id=\"44fe3fbb\" data-element_type=\"widget\" data-widget_type=\"text-editor.default\">\n\t\t\t\t<div class=\"elementor-widget-container\">\n\t\t\t\t\t\t\t<p>\u201cEnjoy the authentic taste of Colombian coffee in every cup. Caf\u00e9 Galavis, a tradition of quality and passion for coffee. Follow us on our social networks and join our community of good coffee lovers.\u201d<\/p>\t\t\t\t\t\t<\/div>\n\t\t\t\t<\/div>\n\t\t\t\t<\/div>\n\t\t\t\t<\/div>\n\t\t\t\t\t<\/div>\n\t\t\t\t<\/div>\n\t\t\t\t\t<\/div>\n\t\t\t\t<\/div>\n\t\t\t\t<\/div>","protected":false},"excerpt":{"rendered":"<p>Nuestra Historia Nuestra historia Cuenta la historia que el caf\u00e9 entro a Colombia a trav\u00e9s del departamento Norte de Santander procedente de las Guayanas cruzando Venezuela. Es en la aduana de la ciudad de San Jos\u00e9 de C\u00facuta en la cual se registra la primera producci\u00f3n comercial del grano en territorio granadino con su correspondiente [&hellip;]<\/p>","protected":false},"author":1,"featured_media":0,"parent":0,"menu_order":0,"comment_status":"closed","ping_status":"closed","template":"elementor_header_footer","meta":{"inline_featured_image":false,"_joinchat":[],"footnotes":""},"class_list":["post-1249","page","type-page","status-publish","hentry"],"_links":{"self":[{"href":"https:\/\/cafegalavis.com.co\/en\/wp-json\/wp\/v2\/pages\/1249","targetHints":{"allow":["GET"]}}],"collection":[{"href":"https:\/\/cafegalavis.com.co\/en\/wp-json\/wp\/v2\/pages"}],"about":[{"href":"https:\/\/cafegalavis.com.co\/en\/wp-json\/wp\/v2\/types\/page"}],"author":[{"embeddable":true,"href":"https:\/\/cafegalavis.com.co\/en\/wp-json\/wp\/v2\/users\/1"}],"replies":[{"embeddable":true,"href":"https:\/\/cafegalavis.com.co\/en\/wp-json\/wp\/v2\/comments?post=1249"}],"version-history":[{"count":371,"href":"https:\/\/cafegalavis.com.co\/en\/wp-json\/wp\/v2\/pages\/1249\/revisions"}],"predecessor-version":[{"id":5475,"href":"https:\/\/cafegalavis.com.co\/en\/wp-json\/wp\/v2\/pages\/1249\/revisions\/5475"}],"wp:attachment":[{"href":"https:\/\/cafegalavis.com.co\/en\/wp-json\/wp\/v2\/media?parent=1249"}],"curies":[{"name":"wp","href":"https:\/\/api.w.org\/{rel}","templated":true}]}}